{"id":893,"date":"2018-03-25T18:30:13","date_gmt":"2018-03-25T16:30:13","guid":{"rendered":"http:\/\/www.lieselotteluebke.de\/kabarett\/?page_id=893"},"modified":"2018-12-05T13:00:31","modified_gmt":"2018-12-05T12:00:31","slug":"luebke-und-die-alten-maenner","status":"publish","type":"page","link":"https:\/\/www.lieselotteluebke.de\/kabarett\/luebke-und-die-alten-maenner\/","title":{"rendered":"L\u00fcbke &#038; die alten M\u00e4nner"},"content":{"rendered":"<p>L\u00fcbke und die alten M\u00e4nner \u2013 es wurde h\u00f6chste Zeit f\u00fcr so etwas.<\/p>\n<p>Ein Klavier, ein Saxophon, eine Gitarre, ein Schlagzeug, eine zauberhafte Stimme, drei alte M\u00e4nner, eine etwas weniger alte, aber auch nicht mehr ganz junge Frau und mit absoluter Sicherheit das ein oder andere Unerwartete \u2013<br \/>\nfrech, wild, laut, melancholisch, gef\u00fchlvoll und schmerzhaft ehrlich, so oder so \u00e4hnlich verspricht ein Abend mit Liese-Lotte L\u00fcbke und ihrer Band um Thomas Zander, Michael Krowas und Timo Warnecke zu werden.<br \/>\nSie spielen die sch\u00f6nsten Lieder aus den Programmen L\u00fcbkes, so, wie man sie ganz sicher noch nie zuvor geh\u00f6rt hat.<\/p>\n<p>\u201eL\u00fcbke und die alten M\u00e4nner\u201c sind <a href=\"mailto:booking@lieselotteluebke.de\">ab sofort buchbar<\/a>.<\/p>\n<p>&nbsp;<\/p>\n<p><iframe title=\"Liese-Lotte L\u00fcbke - Teaser zu &quot;L\u00fcbke &amp; die alten M\u00e4nner&quot;\" width=\"950\" height=\"534\" src=\"https:\/\/www.youtube.com\/embed\/w6HUvzQ9DtM?feature=oembed\" frameborder=\"0\" allow=\"accelerometer; autoplay; clipboard-write; encrypted-media; gyroscope; picture-in-picture; web-share\" referrerpolicy=\"strict-origin-when-cross-origin\" allowfullscreen><\/iframe><\/p>\n<p>&nbsp;<\/p>\n<p>Pressefotos zum Download &#8211; \u00a9Photo: Carsten Schick<span style=\"font-family: Verdana, sans-serif;\"><br \/>\n<\/span><\/p>\n<p>&nbsp;<\/p>\n","protected":false},"excerpt":{"rendered":"<p>L\u00fcbke und die alten M\u00e4nner \u2013 es wurde h\u00f6chste Zeit f\u00fcr so etwas. Ein Klavier, ein Saxophon, eine Gitarre, ein Schlagzeug, eine zauberhafte Stimme, drei alte M\u00e4nner, eine etwas weniger alte, aber auch nicht mehr ganz junge Frau und mit absoluter Sicherheit das ein oder andere Unerwartete \u2013 frech, wild, laut, melancholisch, gef\u00fchlvoll und schmerzhaft &hellip; <\/p>\n<p class=\"link-more\"><a href=\"https:\/\/www.lieselotteluebke.de\/kabarett\/luebke-und-die-alten-maenner\/\" class=\"more-link\">Mehr <span class=\"screen-reader-text\">\u00fcber &#8222;L\u00fcbke &#038; die alten M\u00e4nner&#8220; <\/span>Lesen<\/a><\/p>\n","protected":false},"author":2,"featured_media":0,"parent":0,"menu_order":0,"comment_status":"closed","ping_status":"closed","template":"","meta":{"footnotes":""},"class_list":["post-893","page","type-page","status-publish","hentry"],"yoast_head":"<!-- This site is optimized with the Yoast SEO plugin v27.0 - https:\/\/yoast.com\/product\/yoast-seo-wordpress\/ -->\n<title>L\u00fcbke &amp; die alten M\u00e4nner - Liese-Lotte L\u00fcbke<\/title>\n<meta name=\"robots\" content=\"index, follow, max-snippet:-1, max-image-preview:large, max-video-preview:-1\" \/>\n<link rel=\"canonical\" href=\"https:\/\/www.lieselotteluebke.de\/kabarett\/luebke-und-die-alten-maenner\/\" \/>\n<meta property=\"og:locale\" content=\"de_DE\" \/>\n<meta property=\"og:type\" content=\"article\" \/>\n<meta property=\"og:title\" content=\"L\u00fcbke und die alten M\u00e4nner \u2013 PROGRAMM\" \/>\n<meta property=\"og:description\" content=\"L\u00fcbke und die alten M\u00e4nner \u2013 es wurde h\u00f6chste Zeit f\u00fcr so etwas. Ein Klavier, ein Saxophon, eine Gitarre, ein Schlagzeug, eine zauberhafte Stimme, drei alte M\u00e4nner, eine etwas weniger alte, aber auch nicht mehr ganz junge Frau und mit absoluter Sicherheit das ein oder andere Unerwartete \u2013 frech, wild, laut, melancholisch, gef\u00fchlvoll und schmerzhaft &hellip; Mehr \u00fcber &quot;L\u00fcbke &#038; die alten M\u00e4nner&quot; Lesen\" \/>\n<meta property=\"og:url\" content=\"https:\/\/www.lieselotteluebke.de\/kabarett\/luebke-und-die-alten-maenner\/\" \/>\n<meta property=\"og:site_name\" content=\"Liese-Lotte L\u00fcbke\" \/>\n<meta property=\"article:publisher\" content=\"https:\/\/www.facebook.com\/lieselotteluebke\/\" \/>\n<meta property=\"article:modified_time\" content=\"2018-12-05T12:00:31+00:00\" \/>\n<meta name=\"twitter:card\" content=\"summary_large_image\" \/>\n<meta name=\"twitter:label1\" content=\"Gesch\u00e4tzte Lesezeit\" \/>\n\t<meta name=\"twitter:data1\" content=\"1\u00a0Minute\" \/>\n<script type=\"application\/ld+json\" class=\"yoast-schema-graph\">{\"@context\":\"https:\/\/schema.org\",\"@graph\":[{\"@type\":\"WebPage\",\"@id\":\"https:\/\/www.lieselotteluebke.de\/kabarett\/luebke-und-die-alten-maenner\/\",\"url\":\"https:\/\/www.lieselotteluebke.de\/kabarett\/luebke-und-die-alten-maenner\/\",\"name\":\"L\u00fcbke & die alten M\u00e4nner - Liese-Lotte L\u00fcbke\",\"isPartOf\":{\"@id\":\"https:\/\/www.lieselotteluebke.de\/kabarett\/#website\"},\"datePublished\":\"2018-03-25T16:30:13+00:00\",\"dateModified\":\"2018-12-05T12:00:31+00:00\",\"breadcrumb\":{\"@id\":\"https:\/\/www.lieselotteluebke.de\/kabarett\/luebke-und-die-alten-maenner\/#breadcrumb\"},\"inLanguage\":\"de\",\"potentialAction\":[{\"@type\":\"ReadAction\",\"target\":[\"https:\/\/www.lieselotteluebke.de\/kabarett\/luebke-und-die-alten-maenner\/\"]}]},{\"@type\":\"BreadcrumbList\",\"@id\":\"https:\/\/www.lieselotteluebke.de\/kabarett\/luebke-und-die-alten-maenner\/#breadcrumb\",\"itemListElement\":[{\"@type\":\"ListItem\",\"position\":1,\"name\":\"Startseite\",\"item\":\"https:\/\/www.lieselotteluebke.de\/kabarett\/\"},{\"@type\":\"ListItem\",\"position\":2,\"name\":\"L\u00fcbke &#038; die alten M\u00e4nner\"}]},{\"@type\":\"WebSite\",\"@id\":\"https:\/\/www.lieselotteluebke.de\/kabarett\/#website\",\"url\":\"https:\/\/www.lieselotteluebke.de\/kabarett\/\",\"name\":\"Liese-Lotte L\u00fcbke\",\"description\":\"Abenteuerkabarett\",\"potentialAction\":[{\"@type\":\"SearchAction\",\"target\":{\"@type\":\"EntryPoint\",\"urlTemplate\":\"https:\/\/www.lieselotteluebke.de\/kabarett\/?s={search_term_string}\"},\"query-input\":{\"@type\":\"PropertyValueSpecification\",\"valueRequired\":true,\"valueName\":\"search_term_string\"}}],\"inLanguage\":\"de\"}]}<\/script>\n<!-- \/ Yoast SEO plugin. -->","yoast_head_json":{"title":"L\u00fcbke & die alten M\u00e4nner - Liese-Lotte L\u00fcbke","robots":{"index":"index","follow":"follow","max-snippet":"max-snippet:-1","max-image-preview":"max-image-preview:large","max-video-preview":"max-video-preview:-1"},"canonical":"https:\/\/www.lieselotteluebke.de\/kabarett\/luebke-und-die-alten-maenner\/","og_locale":"de_DE","og_type":"article","og_title":"L\u00fcbke und die alten M\u00e4nner \u2013 PROGRAMM","og_description":"L\u00fcbke und die alten M\u00e4nner \u2013 es wurde h\u00f6chste Zeit f\u00fcr so etwas. Ein Klavier, ein Saxophon, eine Gitarre, ein Schlagzeug, eine zauberhafte Stimme, drei alte M\u00e4nner, eine etwas weniger alte, aber auch nicht mehr ganz junge Frau und mit absoluter Sicherheit das ein oder andere Unerwartete \u2013 frech, wild, laut, melancholisch, gef\u00fchlvoll und schmerzhaft &hellip; Mehr \u00fcber \"L\u00fcbke &#038; die alten M\u00e4nner\" Lesen","og_url":"https:\/\/www.lieselotteluebke.de\/kabarett\/luebke-und-die-alten-maenner\/","og_site_name":"Liese-Lotte L\u00fcbke","article_publisher":"https:\/\/www.facebook.com\/lieselotteluebke\/","article_modified_time":"2018-12-05T12:00:31+00:00","twitter_card":"summary_large_image","twitter_misc":{"Gesch\u00e4tzte Lesezeit":"1\u00a0Minute"},"schema":{"@context":"https:\/\/schema.org","@graph":[{"@type":"WebPage","@id":"https:\/\/www.lieselotteluebke.de\/kabarett\/luebke-und-die-alten-maenner\/","url":"https:\/\/www.lieselotteluebke.de\/kabarett\/luebke-und-die-alten-maenner\/","name":"L\u00fcbke & die alten M\u00e4nner - Liese-Lotte L\u00fcbke","isPartOf":{"@id":"https:\/\/www.lieselotteluebke.de\/kabarett\/#website"},"datePublished":"2018-03-25T16:30:13+00:00","dateModified":"2018-12-05T12:00:31+00:00","breadcrumb":{"@id":"https:\/\/www.lieselotteluebke.de\/kabarett\/luebke-und-die-alten-maenner\/#breadcrumb"},"inLanguage":"de","potentialAction":[{"@type":"ReadAction","target":["https:\/\/www.lieselotteluebke.de\/kabarett\/luebke-und-die-alten-maenner\/"]}]},{"@type":"BreadcrumbList","@id":"https:\/\/www.lieselotteluebke.de\/kabarett\/luebke-und-die-alten-maenner\/#breadcrumb","itemListElement":[{"@type":"ListItem","position":1,"name":"Startseite","item":"https:\/\/www.lieselotteluebke.de\/kabarett\/"},{"@type":"ListItem","position":2,"name":"L\u00fcbke &#038; die alten M\u00e4nner"}]},{"@type":"WebSite","@id":"https:\/\/www.lieselotteluebke.de\/kabarett\/#website","url":"https:\/\/www.lieselotteluebke.de\/kabarett\/","name":"Liese-Lotte L\u00fcbke","description":"Abenteuerkabarett","potentialAction":[{"@type":"SearchAction","target":{"@type":"EntryPoint","urlTemplate":"https:\/\/www.lieselotteluebke.de\/kabarett\/?s={search_term_string}"},"query-input":{"@type":"PropertyValueSpecification","valueRequired":true,"valueName":"search_term_string"}}],"inLanguage":"de"}]}},"_links":{"self":[{"href":"https:\/\/www.lieselotteluebke.de\/kabarett\/wp-json\/wp\/v2\/pages\/893","targetHints":{"allow":["GET"]}}],"collection":[{"href":"https:\/\/www.lieselotteluebke.de\/kabarett\/wp-json\/wp\/v2\/pages"}],"about":[{"href":"https:\/\/www.lieselotteluebke.de\/kabarett\/wp-json\/wp\/v2\/types\/page"}],"author":[{"embeddable":true,"href":"https:\/\/www.lieselotteluebke.de\/kabarett\/wp-json\/wp\/v2\/users\/2"}],"replies":[{"embeddable":true,"href":"https:\/\/www.lieselotteluebke.de\/kabarett\/wp-json\/wp\/v2\/comments?post=893"}],"version-history":[{"count":17,"href":"https:\/\/www.lieselotteluebke.de\/kabarett\/wp-json\/wp\/v2\/pages\/893\/revisions"}],"predecessor-version":[{"id":1061,"href":"https:\/\/www.lieselotteluebke.de\/kabarett\/wp-json\/wp\/v2\/pages\/893\/revisions\/1061"}],"wp:attachment":[{"href":"https:\/\/www.lieselotteluebke.de\/kabarett\/wp-json\/wp\/v2\/media?parent=893"}],"curies":[{"name":"wp","href":"https:\/\/api.w.org\/{rel}","templated":true}]}}