{"id":30,"date":"2017-04-21T11:47:41","date_gmt":"2017-04-21T09:47:41","guid":{"rendered":"http:\/\/www.lieselotteluebke.de\/kabarett\/?page_id=30"},"modified":"2025-02-03T14:16:24","modified_gmt":"2025-02-03T13:16:24","slug":"impressum","status":"publish","type":"page","link":"https:\/\/www.lieselotteluebke.de\/kabarett\/impressum\/","title":{"rendered":"Impressum"},"content":{"rendered":"<div id=\"c260\">\n<p style=\"text-align: center;\">Liese-Lotte L\u00fcbke-Gehrke<br \/>\nLinderter Str. 18<br \/>\n30974 Wennigsen<\/p>\n<p style=\"text-align: center;\"><a href=\"https:\/\/www.lieselotteluebke.de\" target=\"_blank\" rel=\"noopener noreferrer\">www.lieselotteluebke.de<\/a><\/p>\n<p style=\"text-align: center;\">Mobil: +49 151 &#8211; 12 46 41 36<\/p>\n<p style=\"text-align: center;\"><a href=\"mailto:liese@lieselotteluebke.de\">liese@lieselotteluebke.de<\/a><\/p>\n<p>&nbsp;<\/p>\n<\/div>\n<div id=\"c317\" style=\"text-align: center;\">\n<div>\n<h6>Verantwortlich i. S. v. \u00a7 6 TDG<\/h6>\n<\/div>\n<div>\n<p>Liese-Lotte L\u00fcbke<br \/>\nMail: <a title=\"Opens window for sending email\" href=\"mailto:liese@lieselotteluebke.de\">liese@lieselotteluebke.de<\/a><br \/>\nWeb: <a href=\"http:\/\/Www.lieselotteluebke.de\">www.lieselotteluebke.de<\/a><\/p>\n<h6><\/h6>\n<\/div>\n<\/div>\n<div id=\"c318\" style=\"text-align: center;\">\n<h4>Texte &amp; Kompositionen<\/h4>\n<p>2008-2025 Liese-Lotte L\u00fcbke<\/p>\n<h4>Fotos Die beste Entscheidung der Woche<\/h4>\n<p><a title=\"Opens external link in new window\" href=\"http:\/\/www.trackfive.de\/styled-2\/index.html\" target=\"_blank\" rel=\"noopener noreferrer\">Dirk Bahl<\/a><\/p>\n<h4>Fotos Und wenn schon<\/h4>\n<p><a title=\"Opens external link in new window\" href=\"http:\/\/www.trackfive.de\/styled-2\/index.html\" target=\"_blank\" rel=\"noopener noreferrer\">Dirk Bahl<\/a><\/p>\n<\/div>\n<div id=\"c406\" style=\"text-align: center;\">\n<div>\n<h4>Fotos Kopf in den Sand<\/h4>\n<\/div>\n<div>\n<p><a title=\"Opens external link in new window\" href=\"http:\/\/www.fotografie-hannover.com\/texte\/kontakt.html\" target=\"_blank\" rel=\"noopener noreferrer\">Carsten Schick<\/a><\/p>\n<\/div>\n<\/div>\n<div id=\"c320\" style=\"text-align: center;\">\n<div>\n<h4>Fotos Blo\u00df Liese<\/h4>\n<\/div>\n<div>\n<p><a title=\"Opens external link in new window\" href=\"http:\/\/www.during-photoart.de\/\" target=\"_blank\" rel=\"noopener noreferrer\">Roger During<\/a><\/p>\n<h4>Digitale Medien 2020-2025<\/h4>\n<p>Liese-Lotte L\u00fcbke<\/p>\n<h4>Digitale Medien 2019 &amp; 2025<\/h4>\n<p>Holger Papenmeyer<\/p>\n<\/div>\n<\/div>\n<div id=\"c321\" style=\"text-align: center;\">\n<div>\n<h4>Digitale Medien 2016<\/h4>\n<\/div>\n<div>\n<p><a title=\"Opens external link in new window\" href=\"http:\/\/www.eggekunst.de\/\" target=\"_blank\" rel=\"noopener noreferrer\">Reinhard J\u00e4ger<\/a><\/p>\n<\/div>\n<\/div>\n<h4 id=\"c322\" style=\"text-align: center;\"><\/h4>\n<div id=\"c323\" style=\"text-align: center;\">\n<div>\n<h4>Urheberrechtshinweis<\/h4>\n<\/div>\n<div>\n<p>Der Download und Verleih der hier ver\u00f6ffentlichten Videomitschnitte ist nicht gestattet. Das Kopieren, Duplizieren oder das Urheberrecht verletzende private Nutzen oder Vortragen der auf\u00a0 dieser Website befindlichen Texte, Videos und Musikst\u00fccke, sowie auch jede \u00f6ffentliche Vorf\u00fchrung und Sendung ist untersagt und bedarf der Einwilligung der Urheberin.<\/p>\n<p>Die Rechte f\u00fcr s\u00e4mtliche verwendete Fotos liegen bei den Fotografen, die Ver\u00f6ffentlichung auf dieser Website erfolgt mit Genehmigung der Urheberrechtsinhaber.<br \/>\nZu Werbezwecken darf ausschlie\u00dflich das zum Download bereitgestellte, sowie das von der Agentur Zirkel, Brigitte Biermann zur Verf\u00fcgung gestellte Material verwendet werden.<\/p>\n<\/div>\n<\/div>\n<div id=\"c324\">\n<div style=\"text-align: center;\">\n<h4>Haftungsausschluss<\/h4>\n<\/div>\n<div>\n<p style=\"text-align: center;\">F\u00fcr den Inhalt externer Links wird keine Haftung \u00fcbernommen.<\/p>\n<\/div>\n<\/div>\n","protected":false},"excerpt":{"rendered":"<p>Liese-Lotte L\u00fcbke-Gehrke Linderter Str. 18 30974 Wennigsen www.lieselotteluebke.de Mobil: +49 151 &#8211; 12 46 41 36 liese@lieselotteluebke.de &nbsp; Verantwortlich i. S. v. \u00a7 6 TDG Liese-Lotte L\u00fcbke Mail: liese@lieselotteluebke.de Web: www.lieselotteluebke.de Texte &amp; Kompositionen 2008-2025 Liese-Lotte L\u00fcbke Fotos Die beste Entscheidung der Woche Dirk Bahl Fotos Und wenn schon Dirk Bahl Fotos Kopf in den &hellip; <\/p>\n<p class=\"link-more\"><a href=\"https:\/\/www.lieselotteluebke.de\/kabarett\/impressum\/\" class=\"more-link\">Mehr <span class=\"screen-reader-text\">\u00fcber &#8222;Impressum&#8220; <\/span>Lesen<\/a><\/p>\n","protected":false},"author":2,"featured_media":0,"parent":0,"menu_order":0,"comment_status":"closed","ping_status":"closed","template":"","meta":{"footnotes":""},"class_list":["post-30","page","type-page","status-publish","hentry"],"yoast_head":"<!-- This site is optimized with the Yoast SEO plugin v27.0 - https:\/\/yoast.com\/product\/yoast-seo-wordpress\/ -->\n<title>Impressum - Liese-Lotte L\u00fcbke<\/title>\n<meta name=\"robots\" content=\"index, follow, max-snippet:-1, max-image-preview:large, max-video-preview:-1\" \/>\n<link rel=\"canonical\" href=\"https:\/\/www.lieselotteluebke.de\/kabarett\/impressum\/\" \/>\n<meta property=\"og:locale\" content=\"de_DE\" \/>\n<meta property=\"og:type\" content=\"article\" \/>\n<meta property=\"og:title\" content=\"Impressum - Liese-Lotte L\u00fcbke\" \/>\n<meta property=\"og:description\" content=\"Liese-Lotte L\u00fcbke-Gehrke Linderter Str. 18 30974 Wennigsen www.lieselotteluebke.de Mobil: +49 151 &#8211; 12 46 41 36 liese@lieselotteluebke.de &nbsp; Verantwortlich i. S. v. \u00a7 6 TDG Liese-Lotte L\u00fcbke Mail: liese@lieselotteluebke.de Web: www.lieselotteluebke.de Texte &amp; Kompositionen 2008-2025 Liese-Lotte L\u00fcbke Fotos Die beste Entscheidung der Woche Dirk Bahl Fotos Und wenn schon Dirk Bahl Fotos Kopf in den &hellip; Mehr \u00fcber &quot;Impressum&quot; Lesen\" \/>\n<meta property=\"og:url\" content=\"https:\/\/www.lieselotteluebke.de\/kabarett\/impressum\/\" \/>\n<meta property=\"og:site_name\" content=\"Liese-Lotte L\u00fcbke\" \/>\n<meta property=\"article:publisher\" content=\"https:\/\/www.facebook.com\/lieselotteluebke\/\" \/>\n<meta property=\"article:modified_time\" content=\"2025-02-03T13:16:24+00:00\" \/>\n<meta name=\"twitter:card\" content=\"summary_large_image\" \/>\n<meta name=\"twitter:label1\" content=\"Gesch\u00e4tzte Lesezeit\" \/>\n\t<meta name=\"twitter:data1\" content=\"1\u00a0Minute\" \/>\n<script type=\"application\/ld+json\" class=\"yoast-schema-graph\">{\"@context\":\"https:\/\/schema.org\",\"@graph\":[{\"@type\":\"WebPage\",\"@id\":\"https:\/\/www.lieselotteluebke.de\/kabarett\/impressum\/\",\"url\":\"https:\/\/www.lieselotteluebke.de\/kabarett\/impressum\/\",\"name\":\"Impressum - Liese-Lotte L\u00fcbke\",\"isPartOf\":{\"@id\":\"https:\/\/www.lieselotteluebke.de\/kabarett\/#website\"},\"datePublished\":\"2017-04-21T09:47:41+00:00\",\"dateModified\":\"2025-02-03T13:16:24+00:00\",\"breadcrumb\":{\"@id\":\"https:\/\/www.lieselotteluebke.de\/kabarett\/impressum\/#breadcrumb\"},\"inLanguage\":\"de\",\"potentialAction\":[{\"@type\":\"ReadAction\",\"target\":[\"https:\/\/www.lieselotteluebke.de\/kabarett\/impressum\/\"]}]},{\"@type\":\"BreadcrumbList\",\"@id\":\"https:\/\/www.lieselotteluebke.de\/kabarett\/impressum\/#breadcrumb\",\"itemListElement\":[{\"@type\":\"ListItem\",\"position\":1,\"name\":\"Startseite\",\"item\":\"https:\/\/www.lieselotteluebke.de\/kabarett\/\"},{\"@type\":\"ListItem\",\"position\":2,\"name\":\"Impressum\"}]},{\"@type\":\"WebSite\",\"@id\":\"https:\/\/www.lieselotteluebke.de\/kabarett\/#website\",\"url\":\"https:\/\/www.lieselotteluebke.de\/kabarett\/\",\"name\":\"Liese-Lotte L\u00fcbke\",\"description\":\"Abenteuerkabarett\",\"potentialAction\":[{\"@type\":\"SearchAction\",\"target\":{\"@type\":\"EntryPoint\",\"urlTemplate\":\"https:\/\/www.lieselotteluebke.de\/kabarett\/?s={search_term_string}\"},\"query-input\":{\"@type\":\"PropertyValueSpecification\",\"valueRequired\":true,\"valueName\":\"search_term_string\"}}],\"inLanguage\":\"de\"}]}<\/script>\n<!-- \/ Yoast SEO plugin. -->","yoast_head_json":{"title":"Impressum - Liese-Lotte L\u00fcbke","robots":{"index":"index","follow":"follow","max-snippet":"max-snippet:-1","max-image-preview":"max-image-preview:large","max-video-preview":"max-video-preview:-1"},"canonical":"https:\/\/www.lieselotteluebke.de\/kabarett\/impressum\/","og_locale":"de_DE","og_type":"article","og_title":"Impressum - Liese-Lotte L\u00fcbke","og_description":"Liese-Lotte L\u00fcbke-Gehrke Linderter Str. 18 30974 Wennigsen www.lieselotteluebke.de Mobil: +49 151 &#8211; 12 46 41 36 liese@lieselotteluebke.de &nbsp; Verantwortlich i. S. v. \u00a7 6 TDG Liese-Lotte L\u00fcbke Mail: liese@lieselotteluebke.de Web: www.lieselotteluebke.de Texte &amp; Kompositionen 2008-2025 Liese-Lotte L\u00fcbke Fotos Die beste Entscheidung der Woche Dirk Bahl Fotos Und wenn schon Dirk Bahl Fotos Kopf in den &hellip; Mehr \u00fcber \"Impressum\" Lesen","og_url":"https:\/\/www.lieselotteluebke.de\/kabarett\/impressum\/","og_site_name":"Liese-Lotte L\u00fcbke","article_publisher":"https:\/\/www.facebook.com\/lieselotteluebke\/","article_modified_time":"2025-02-03T13:16:24+00:00","twitter_card":"summary_large_image","twitter_misc":{"Gesch\u00e4tzte Lesezeit":"1\u00a0Minute"},"schema":{"@context":"https:\/\/schema.org","@graph":[{"@type":"WebPage","@id":"https:\/\/www.lieselotteluebke.de\/kabarett\/impressum\/","url":"https:\/\/www.lieselotteluebke.de\/kabarett\/impressum\/","name":"Impressum - Liese-Lotte L\u00fcbke","isPartOf":{"@id":"https:\/\/www.lieselotteluebke.de\/kabarett\/#website"},"datePublished":"2017-04-21T09:47:41+00:00","dateModified":"2025-02-03T13:16:24+00:00","breadcrumb":{"@id":"https:\/\/www.lieselotteluebke.de\/kabarett\/impressum\/#breadcrumb"},"inLanguage":"de","potentialAction":[{"@type":"ReadAction","target":["https:\/\/www.lieselotteluebke.de\/kabarett\/impressum\/"]}]},{"@type":"BreadcrumbList","@id":"https:\/\/www.lieselotteluebke.de\/kabarett\/impressum\/#breadcrumb","itemListElement":[{"@type":"ListItem","position":1,"name":"Startseite","item":"https:\/\/www.lieselotteluebke.de\/kabarett\/"},{"@type":"ListItem","position":2,"name":"Impressum"}]},{"@type":"WebSite","@id":"https:\/\/www.lieselotteluebke.de\/kabarett\/#website","url":"https:\/\/www.lieselotteluebke.de\/kabarett\/","name":"Liese-Lotte L\u00fcbke","description":"Abenteuerkabarett","potentialAction":[{"@type":"SearchAction","target":{"@type":"EntryPoint","urlTemplate":"https:\/\/www.lieselotteluebke.de\/kabarett\/?s={search_term_string}"},"query-input":{"@type":"PropertyValueSpecification","valueRequired":true,"valueName":"search_term_string"}}],"inLanguage":"de"}]}},"_links":{"self":[{"href":"https:\/\/www.lieselotteluebke.de\/kabarett\/wp-json\/wp\/v2\/pages\/30","targetHints":{"allow":["GET"]}}],"collection":[{"href":"https:\/\/www.lieselotteluebke.de\/kabarett\/wp-json\/wp\/v2\/pages"}],"about":[{"href":"https:\/\/www.lieselotteluebke.de\/kabarett\/wp-json\/wp\/v2\/types\/page"}],"author":[{"embeddable":true,"href":"https:\/\/www.lieselotteluebke.de\/kabarett\/wp-json\/wp\/v2\/users\/2"}],"replies":[{"embeddable":true,"href":"https:\/\/www.lieselotteluebke.de\/kabarett\/wp-json\/wp\/v2\/comments?post=30"}],"version-history":[{"count":24,"href":"https:\/\/www.lieselotteluebke.de\/kabarett\/wp-json\/wp\/v2\/pages\/30\/revisions"}],"predecessor-version":[{"id":2645,"href":"https:\/\/www.lieselotteluebke.de\/kabarett\/wp-json\/wp\/v2\/pages\/30\/revisions\/2645"}],"wp:attachment":[{"href":"https:\/\/www.lieselotteluebke.de\/kabarett\/wp-json\/wp\/v2\/media?parent=30"}],"curies":[{"name":"wp","href":"https:\/\/api.w.org\/{rel}","templated":true}]}}