{"id":2596,"date":"2024-03-24T13:51:44","date_gmt":"2024-03-24T12:51:44","guid":{"rendered":"https:\/\/www.lieselotteluebke.de\/kabarett\/?page_id=2596"},"modified":"2024-03-24T13:51:44","modified_gmt":"2024-03-24T12:51:44","slug":"die-beste-entscheidung-der-woche","status":"publish","type":"page","link":"https:\/\/www.lieselotteluebke.de\/kabarett\/die-beste-entscheidung-der-woche\/","title":{"rendered":"Die beste Entscheidung der Woche"},"content":{"rendered":"<p><a href=\"https:\/\/www.lieselotteluebke.de\/kabarett\/wp-content\/uploads\/2024\/03\/IMG_0573-scaled.jpeg\"><img fetchpriority=\"high\" decoding=\"async\" class=\"wp-image-2598 size-medium alignleft\" src=\"https:\/\/www.lieselotteluebke.de\/kabarett\/wp-content\/uploads\/2024\/03\/IMG_0573-228x300.jpeg\" alt=\"\" width=\"228\" height=\"300\" srcset=\"https:\/\/www.lieselotteluebke.de\/kabarett\/wp-content\/uploads\/2024\/03\/IMG_0573-228x300.jpeg 228w, https:\/\/www.lieselotteluebke.de\/kabarett\/wp-content\/uploads\/2024\/03\/IMG_0573-700x921.jpeg 700w, https:\/\/www.lieselotteluebke.de\/kabarett\/wp-content\/uploads\/2024\/03\/IMG_0573-2000x2631.jpeg 2000w, https:\/\/www.lieselotteluebke.de\/kabarett\/wp-content\/uploads\/2024\/03\/IMG_0573-scaled.jpeg 1946w\" sizes=\"(max-width: 228px) 100vw, 228px\" \/><\/a>Durch drei Soloprogramme hindurch hat sich Liese-Lotte L\u00fcbke darauf spezialisiert, uns mit ihren selbstgeschriebenen und -komponierten Texten und Liedern zu ber\u00fchren. Jetzt kreiert die Preistr\u00e4gerin des Taubertaler-Kabarettpreises 2023 mit <em>Die beste Entscheidung der Woche\u00a0<\/em>einen Abend, der l\u00e4ngst \u00fcberf\u00e4llige Ver\u00e4nderungen nicht blo\u00df anspricht, sondern sie gemeinsam mit den Menschen im Saal direkt auf den Weg bringt -nah, humorvoll, unverstellt!<\/p>\n<p>Geistreich und mit grandioser Stimme \u00fcbertrifft sie alle gehegten und nicht gehegten Erwartungen und wird zu einem knalligen, auditiven Farbklecks in unserem Leben, der noch tagelang liebevoll nachhallt.<\/p>\n<p>In ihrem Kabarett-Konzert unterh\u00e4lt und am\u00fcsiert die K\u00fcnstlerin nicht nur, sondern w\u00fctet auch mal Vorurteile durcheinander: echt, ehrlich, schonungslos und erholsam anders.<\/p>\n<p>Eigentlich hat L\u00fcbke ein neues Genre geschaffen: Abenteuerkabarett. Denn einerseits ist ein Besuch des Kabarettprogramms von Liese-Lotte L\u00fcbke ein Abenteuer. Andererseits ist es abenteuerlich, wie mutig und direkt diese K\u00fcnstlerin mit ihrem wilden Charme ihr Publikum begeistert.<\/p>\n<p>Im privaten Leben st\u00fcrzt sich Liese-Lotte als Gleitschirmpilotin von den h\u00f6chsten Bergen. Als freche, gleichzeitig sanfte, aber vor allem immer aufrichtige K\u00fcnstlerin fliegt sie mit ihrem Publikum durch ihr impulsives Solo.<\/p>\n<p>Wie sagte ein Zuschauer nach dem Konzert: &#8222;Selten hat ein so unterhaltsam dargebrachter, tiefgr\u00fcndiger Abend, so nachhaltige Wirkung bei mir hinterlassen&#8220;.<br \/>\nUnd immer wieder bekommt sie als Feedback: &#8222;Wir haben Sie zum ersten Mal live erlebt und es war &#8211; die beste Entscheidung der Woche&#8220;!<\/p>\n<p>&nbsp;<\/p>\n","protected":false},"excerpt":{"rendered":"<p>Durch drei Soloprogramme hindurch hat sich Liese-Lotte L\u00fcbke darauf spezialisiert, uns mit ihren selbstgeschriebenen und -komponierten Texten und Liedern zu ber\u00fchren. Jetzt kreiert die Preistr\u00e4gerin des Taubertaler-Kabarettpreises 2023 mit Die beste Entscheidung der Woche\u00a0einen Abend, der l\u00e4ngst \u00fcberf\u00e4llige Ver\u00e4nderungen nicht blo\u00df anspricht, sondern sie gemeinsam mit den Menschen im Saal direkt auf den Weg bringt &hellip; <\/p>\n<p class=\"link-more\"><a href=\"https:\/\/www.lieselotteluebke.de\/kabarett\/die-beste-entscheidung-der-woche\/\" class=\"more-link\">Mehr <span class=\"screen-reader-text\">\u00fcber &#8222;Die beste Entscheidung der Woche&#8220; <\/span>Lesen<\/a><\/p>\n","protected":false},"author":2,"featured_media":0,"parent":0,"menu_order":0,"comment_status":"closed","ping_status":"closed","template":"","meta":{"footnotes":""},"class_list":["post-2596","page","type-page","status-publish","hentry"],"yoast_head":"<!-- This site is optimized with the Yoast SEO plugin v27.0 - https:\/\/yoast.com\/product\/yoast-seo-wordpress\/ -->\n<title>Die beste Entscheidung der Woche - Liese-Lotte L\u00fcbke<\/title>\n<meta name=\"robots\" content=\"index, follow, max-snippet:-1, max-image-preview:large, max-video-preview:-1\" \/>\n<link rel=\"canonical\" href=\"https:\/\/www.lieselotteluebke.de\/kabarett\/die-beste-entscheidung-der-woche\/\" \/>\n<meta property=\"og:locale\" content=\"de_DE\" \/>\n<meta property=\"og:type\" content=\"article\" \/>\n<meta property=\"og:title\" content=\"Die beste Entscheidung der Woche - Liese-Lotte L\u00fcbke\" \/>\n<meta property=\"og:description\" content=\"Durch drei Soloprogramme hindurch hat sich Liese-Lotte L\u00fcbke darauf spezialisiert, uns mit ihren selbstgeschriebenen und -komponierten Texten und Liedern zu ber\u00fchren. Jetzt kreiert die Preistr\u00e4gerin des Taubertaler-Kabarettpreises 2023 mit Die beste Entscheidung der Woche\u00a0einen Abend, der l\u00e4ngst \u00fcberf\u00e4llige Ver\u00e4nderungen nicht blo\u00df anspricht, sondern sie gemeinsam mit den Menschen im Saal direkt auf den Weg bringt &hellip; Mehr \u00fcber &quot;Die beste Entscheidung der Woche&quot; Lesen\" \/>\n<meta property=\"og:url\" content=\"https:\/\/www.lieselotteluebke.de\/kabarett\/die-beste-entscheidung-der-woche\/\" \/>\n<meta property=\"og:site_name\" content=\"Liese-Lotte L\u00fcbke\" \/>\n<meta property=\"article:publisher\" content=\"https:\/\/www.facebook.com\/lieselotteluebke\/\" \/>\n<meta property=\"og:image\" content=\"https:\/\/www.lieselotteluebke.de\/kabarett\/wp-content\/uploads\/2024\/03\/IMG_0573-228x300.jpeg\" \/>\n<meta name=\"twitter:card\" content=\"summary_large_image\" \/>\n<meta name=\"twitter:label1\" content=\"Gesch\u00e4tzte Lesezeit\" \/>\n\t<meta name=\"twitter:data1\" content=\"2\u00a0Minuten\" \/>\n<script type=\"application\/ld+json\" class=\"yoast-schema-graph\">{\"@context\":\"https:\/\/schema.org\",\"@graph\":[{\"@type\":\"WebPage\",\"@id\":\"https:\/\/www.lieselotteluebke.de\/kabarett\/die-beste-entscheidung-der-woche\/\",\"url\":\"https:\/\/www.lieselotteluebke.de\/kabarett\/die-beste-entscheidung-der-woche\/\",\"name\":\"Die beste Entscheidung der Woche - Liese-Lotte L\u00fcbke\",\"isPartOf\":{\"@id\":\"https:\/\/www.lieselotteluebke.de\/kabarett\/#website\"},\"primaryImageOfPage\":{\"@id\":\"https:\/\/www.lieselotteluebke.de\/kabarett\/die-beste-entscheidung-der-woche\/#primaryimage\"},\"image\":{\"@id\":\"https:\/\/www.lieselotteluebke.de\/kabarett\/die-beste-entscheidung-der-woche\/#primaryimage\"},\"thumbnailUrl\":\"https:\/\/www.lieselotteluebke.de\/kabarett\/wp-content\/uploads\/2024\/03\/IMG_0573-228x300.jpeg\",\"datePublished\":\"2024-03-24T12:51:44+00:00\",\"breadcrumb\":{\"@id\":\"https:\/\/www.lieselotteluebke.de\/kabarett\/die-beste-entscheidung-der-woche\/#breadcrumb\"},\"inLanguage\":\"de\",\"potentialAction\":[{\"@type\":\"ReadAction\",\"target\":[\"https:\/\/www.lieselotteluebke.de\/kabarett\/die-beste-entscheidung-der-woche\/\"]}]},{\"@type\":\"ImageObject\",\"inLanguage\":\"de\",\"@id\":\"https:\/\/www.lieselotteluebke.de\/kabarett\/die-beste-entscheidung-der-woche\/#primaryimage\",\"url\":\"https:\/\/www.lieselotteluebke.de\/kabarett\/wp-content\/uploads\/2024\/03\/IMG_0573-228x300.jpeg\",\"contentUrl\":\"https:\/\/www.lieselotteluebke.de\/kabarett\/wp-content\/uploads\/2024\/03\/IMG_0573-228x300.jpeg\"},{\"@type\":\"BreadcrumbList\",\"@id\":\"https:\/\/www.lieselotteluebke.de\/kabarett\/die-beste-entscheidung-der-woche\/#breadcrumb\",\"itemListElement\":[{\"@type\":\"ListItem\",\"position\":1,\"name\":\"Startseite\",\"item\":\"https:\/\/www.lieselotteluebke.de\/kabarett\/\"},{\"@type\":\"ListItem\",\"position\":2,\"name\":\"Die beste Entscheidung der Woche\"}]},{\"@type\":\"WebSite\",\"@id\":\"https:\/\/www.lieselotteluebke.de\/kabarett\/#website\",\"url\":\"https:\/\/www.lieselotteluebke.de\/kabarett\/\",\"name\":\"Liese-Lotte L\u00fcbke\",\"description\":\"Abenteuerkabarett\",\"potentialAction\":[{\"@type\":\"SearchAction\",\"target\":{\"@type\":\"EntryPoint\",\"urlTemplate\":\"https:\/\/www.lieselotteluebke.de\/kabarett\/?s={search_term_string}\"},\"query-input\":{\"@type\":\"PropertyValueSpecification\",\"valueRequired\":true,\"valueName\":\"search_term_string\"}}],\"inLanguage\":\"de\"}]}<\/script>\n<!-- \/ Yoast SEO plugin. -->","yoast_head_json":{"title":"Die beste Entscheidung der Woche - Liese-Lotte L\u00fcbke","robots":{"index":"index","follow":"follow","max-snippet":"max-snippet:-1","max-image-preview":"max-image-preview:large","max-video-preview":"max-video-preview:-1"},"canonical":"https:\/\/www.lieselotteluebke.de\/kabarett\/die-beste-entscheidung-der-woche\/","og_locale":"de_DE","og_type":"article","og_title":"Die beste Entscheidung der Woche - Liese-Lotte L\u00fcbke","og_description":"Durch drei Soloprogramme hindurch hat sich Liese-Lotte L\u00fcbke darauf spezialisiert, uns mit ihren selbstgeschriebenen und -komponierten Texten und Liedern zu ber\u00fchren. Jetzt kreiert die Preistr\u00e4gerin des Taubertaler-Kabarettpreises 2023 mit Die beste Entscheidung der Woche\u00a0einen Abend, der l\u00e4ngst \u00fcberf\u00e4llige Ver\u00e4nderungen nicht blo\u00df anspricht, sondern sie gemeinsam mit den Menschen im Saal direkt auf den Weg bringt &hellip; Mehr \u00fcber \"Die beste Entscheidung der Woche\" Lesen","og_url":"https:\/\/www.lieselotteluebke.de\/kabarett\/die-beste-entscheidung-der-woche\/","og_site_name":"Liese-Lotte L\u00fcbke","article_publisher":"https:\/\/www.facebook.com\/lieselotteluebke\/","og_image":[{"url":"https:\/\/www.lieselotteluebke.de\/kabarett\/wp-content\/uploads\/2024\/03\/IMG_0573-228x300.jpeg","type":"","width":"","height":""}],"twitter_card":"summary_large_image","twitter_misc":{"Gesch\u00e4tzte Lesezeit":"2\u00a0Minuten"},"schema":{"@context":"https:\/\/schema.org","@graph":[{"@type":"WebPage","@id":"https:\/\/www.lieselotteluebke.de\/kabarett\/die-beste-entscheidung-der-woche\/","url":"https:\/\/www.lieselotteluebke.de\/kabarett\/die-beste-entscheidung-der-woche\/","name":"Die beste Entscheidung der Woche - Liese-Lotte L\u00fcbke","isPartOf":{"@id":"https:\/\/www.lieselotteluebke.de\/kabarett\/#website"},"primaryImageOfPage":{"@id":"https:\/\/www.lieselotteluebke.de\/kabarett\/die-beste-entscheidung-der-woche\/#primaryimage"},"image":{"@id":"https:\/\/www.lieselotteluebke.de\/kabarett\/die-beste-entscheidung-der-woche\/#primaryimage"},"thumbnailUrl":"https:\/\/www.lieselotteluebke.de\/kabarett\/wp-content\/uploads\/2024\/03\/IMG_0573-228x300.jpeg","datePublished":"2024-03-24T12:51:44+00:00","breadcrumb":{"@id":"https:\/\/www.lieselotteluebke.de\/kabarett\/die-beste-entscheidung-der-woche\/#breadcrumb"},"inLanguage":"de","potentialAction":[{"@type":"ReadAction","target":["https:\/\/www.lieselotteluebke.de\/kabarett\/die-beste-entscheidung-der-woche\/"]}]},{"@type":"ImageObject","inLanguage":"de","@id":"https:\/\/www.lieselotteluebke.de\/kabarett\/die-beste-entscheidung-der-woche\/#primaryimage","url":"https:\/\/www.lieselotteluebke.de\/kabarett\/wp-content\/uploads\/2024\/03\/IMG_0573-228x300.jpeg","contentUrl":"https:\/\/www.lieselotteluebke.de\/kabarett\/wp-content\/uploads\/2024\/03\/IMG_0573-228x300.jpeg"},{"@type":"BreadcrumbList","@id":"https:\/\/www.lieselotteluebke.de\/kabarett\/die-beste-entscheidung-der-woche\/#breadcrumb","itemListElement":[{"@type":"ListItem","position":1,"name":"Startseite","item":"https:\/\/www.lieselotteluebke.de\/kabarett\/"},{"@type":"ListItem","position":2,"name":"Die beste Entscheidung der Woche"}]},{"@type":"WebSite","@id":"https:\/\/www.lieselotteluebke.de\/kabarett\/#website","url":"https:\/\/www.lieselotteluebke.de\/kabarett\/","name":"Liese-Lotte L\u00fcbke","description":"Abenteuerkabarett","potentialAction":[{"@type":"SearchAction","target":{"@type":"EntryPoint","urlTemplate":"https:\/\/www.lieselotteluebke.de\/kabarett\/?s={search_term_string}"},"query-input":{"@type":"PropertyValueSpecification","valueRequired":true,"valueName":"search_term_string"}}],"inLanguage":"de"}]}},"_links":{"self":[{"href":"https:\/\/www.lieselotteluebke.de\/kabarett\/wp-json\/wp\/v2\/pages\/2596","targetHints":{"allow":["GET"]}}],"collection":[{"href":"https:\/\/www.lieselotteluebke.de\/kabarett\/wp-json\/wp\/v2\/pages"}],"about":[{"href":"https:\/\/www.lieselotteluebke.de\/kabarett\/wp-json\/wp\/v2\/types\/page"}],"author":[{"embeddable":true,"href":"https:\/\/www.lieselotteluebke.de\/kabarett\/wp-json\/wp\/v2\/users\/2"}],"replies":[{"embeddable":true,"href":"https:\/\/www.lieselotteluebke.de\/kabarett\/wp-json\/wp\/v2\/comments?post=2596"}],"version-history":[{"count":2,"href":"https:\/\/www.lieselotteluebke.de\/kabarett\/wp-json\/wp\/v2\/pages\/2596\/revisions"}],"predecessor-version":[{"id":2599,"href":"https:\/\/www.lieselotteluebke.de\/kabarett\/wp-json\/wp\/v2\/pages\/2596\/revisions\/2599"}],"wp:attachment":[{"href":"https:\/\/www.lieselotteluebke.de\/kabarett\/wp-json\/wp\/v2\/media?parent=2596"}],"curies":[{"name":"wp","href":"https:\/\/api.w.org\/{rel}","templated":true}]}}